{"id":17,"date":"2024-11-11T12:13:42","date_gmt":"2024-11-11T11:13:42","guid":{"rendered":"https:\/\/kglinka.com\/?page_id=17"},"modified":"2024-11-11T12:14:15","modified_gmt":"2024-11-11T11:14:15","slug":"17-2","status":"publish","type":"page","link":"https:\/\/kglinka.com\/index.php\/17-2\/","title":{"rendered":"Preisliste"},"content":{"rendered":"\n<div class=\"wp-block-group alignfull\"><div class=\"wp-block-group__inner-container is-layout-flow wp-block-group-is-layout-flow\">\n<div class=\"wp-block-group has-mono-1-background-color has-background\" style=\"margin-top:0;margin-bottom:0;padding-top:0;padding-right:0;padding-bottom:0;padding-left:0\"><div class=\"wp-block-group__inner-container is-layout-flow wp-block-group-is-layout-flow\">\n<div class=\"wp-block-cover is-light\" style=\"padding-top:var(--wp--preset--spacing--superbspacing-xlarge);padding-right:0;padding-bottom:var(--wp--preset--spacing--superbspacing-xlarge);padding-left:0;min-height:50px;aspect-ratio:unset;\"><span aria-hidden=\"true\" class=\"wp-block-cover__background has-background-dim-40 has-background-dim\" style=\"background-color:#b1a1a2\"><\/span><img loading=\"lazy\" decoding=\"async\" width=\"1366\" height=\"2048\" class=\"wp-block-cover__image-background wp-image-18\" alt=\"\" src=\"https:\/\/kglinka.com\/wp-content\/uploads\/2024\/11\/IMG_2497-Bearbeitetsmall.jpg\" data-object-fit=\"cover\" srcset=\"https:\/\/kglinka.com\/wp-content\/uploads\/2024\/11\/IMG_2497-Bearbeitetsmall.jpg 1366w, https:\/\/kglinka.com\/wp-content\/uploads\/2024\/11\/IMG_2497-Bearbeitetsmall-200x300.jpg 200w, https:\/\/kglinka.com\/wp-content\/uploads\/2024\/11\/IMG_2497-Bearbeitetsmall-683x1024.jpg 683w, https:\/\/kglinka.com\/wp-content\/uploads\/2024\/11\/IMG_2497-Bearbeitetsmall-768x1151.jpg 768w, https:\/\/kglinka.com\/wp-content\/uploads\/2024\/11\/IMG_2497-Bearbeitetsmall-1025x1536.jpg 1025w\" sizes=\"auto, (max-width: 1366px) 100vw, 1366px\" \/><div class=\"wp-block-cover__inner-container is-layout-flow wp-block-cover-is-layout-flow\">\n<div class=\"wp-block-group\" style=\"padding-top:0;padding-right:var(--wp--preset--spacing--superbspacing-small);padding-bottom:0;padding-left:var(--wp--preset--spacing--superbspacing-small)\"><div class=\"wp-block-group__inner-container is-layout-constrained wp-container-core-group-is-layout-ff832411 wp-block-group-is-layout-constrained\">\n<div class=\"wp-block-group is-content-justification-center\" style=\"margin-top:0;margin-bottom:0\"><div class=\"wp-block-group__inner-container is-layout-constrained wp-container-core-group-is-layout-55a413eb wp-block-group-is-layout-constrained\">\n<h1 class=\"wp-block-heading has-text-align-center has-text-color has-superbfont-xxlarge-font-size\" style=\"color:#fdfdfd;font-style:normal;font-weight:400\">PREISLISTE<\/h1>\n\n\n\n<p class=\"has-text-align-center has-text-color has-superbfont-small-font-size\" style=\"color:#fdfdfd;margin-bottom:var(--wp--preset--spacing--superbspacing-small)\"><\/p>\n<\/div><\/div>\n<\/div><\/div>\n<\/div><\/div>\n<\/div><\/div>\n\n\n\n<div class=\"wp-block-group alignfull has-mono-4-background-color has-background\" style=\"margin-top:0;margin-bottom:0;padding-top:var(--wp--preset--spacing--superbspacing-large);padding-right:var(--wp--preset--spacing--superbspacing-small);padding-bottom:var(--wp--preset--spacing--superbspacing-large);padding-left:var(--wp--preset--spacing--superbspacing-small)\"><div class=\"wp-block-group__inner-container is-layout-constrained wp-container-core-group-is-layout-cd6834d0 wp-block-group-is-layout-constrained\">\n<div class=\"wp-block-columns alignwide is-layout-flex wp-container-core-columns-is-layout-95ad091b wp-block-columns-is-layout-flex\">\n<div class=\"wp-block-column is-vertically-aligned-center is-layout-flow wp-block-column-is-layout-flow\" style=\"padding-top:0;padding-right:0;padding-bottom:0;padding-left:0\">\n<div class=\"wp-block-group\"><div class=\"wp-block-group__inner-container is-layout-flow wp-block-group-is-layout-flow\">\n<h3 class=\"wp-block-heading has-text-align-left has-superbfont-xlarge-font-size\" style=\"line-height:1.2\">deine N\u00e4gel sind in guten H\u00e4nden<\/h3>\n\n\n\n<p class=\"has-mono-2-color has-text-color has-link-color wp-elements-6307c770e0fef3fae4b33cfc866a8129\">Sch\u00f6ne N\u00e4gel verdienen keine komplizierten Preise \u2013 bei uns sind die Preise transparent und fair gestaltet, damit du dich rundum wohlf\u00fchlen kannst. Lehne dich entspannt zur\u00fcck und genie\u00dfe deinen Moment bei uns, w\u00e4hrend wir daf\u00fcr sorgen, dass deine N\u00e4gel im besten Licht strahlen.<\/p>\n<\/div><\/div>\n\n\n\n<div class=\"wp-block-buttons is-layout-flex wp-block-buttons-is-layout-flex\">\n<div class=\"wp-block-button has-custom-font-size is-style-outline has-superbfont-small-font-size is-style-outline--1\"><a class=\"wp-block-button__link wp-element-button\" style=\"padding-top:var(--wp--preset--spacing--superbspacing-xsmall);padding-right:var(--wp--preset--spacing--superbspacing-xsmall);padding-bottom:var(--wp--preset--spacing--superbspacing-xsmall);padding-left:var(--wp--preset--spacing--superbspacing-xsmall)\">0176-66866448<\/a><\/div>\n\n\n\n<div class=\"wp-block-button has-custom-font-size has-superbfont-small-font-size\"><a class=\"wp-block-button__link wp-element-button\" style=\"padding-top:var(--wp--preset--spacing--superbspacing-xsmall);padding-right:var(--wp--preset--spacing--superbspacing-xsmall);padding-bottom:var(--wp--preset--spacing--superbspacing-xsmall);padding-left:var(--wp--preset--spacing--superbspacing-xsmall)\">Kontaktiere mich<\/a><\/div>\n<\/div>\n<\/div>\n\n\n\n<div class=\"wp-block-column is-vertically-aligned-center is-layout-flow wp-block-column-is-layout-flow\" style=\"padding-right:0;padding-bottom:0;padding-left:0\">\n<figure class=\"wp-block-image size-large\"><img loading=\"lazy\" decoding=\"async\" width=\"576\" height=\"1024\" src=\"https:\/\/kglinka.com\/wp-content\/uploads\/2024\/11\/Cennik2023.10-576x1024.png\" alt=\"\" class=\"wp-image-19\" srcset=\"https:\/\/kglinka.com\/wp-content\/uploads\/2024\/11\/Cennik2023.10-576x1024.png 576w, https:\/\/kglinka.com\/wp-content\/uploads\/2024\/11\/Cennik2023.10-169x300.png 169w, https:\/\/kglinka.com\/wp-content\/uploads\/2024\/11\/Cennik2023.10-768x1365.png 768w, https:\/\/kglinka.com\/wp-content\/uploads\/2024\/11\/Cennik2023.10-864x1536.png 864w, https:\/\/kglinka.com\/wp-content\/uploads\/2024\/11\/Cennik2023.10.png 1080w\" sizes=\"auto, (max-width: 576px) 100vw, 576px\" \/><\/figure>\n<\/div>\n<\/div>\n<\/div><\/div>\n<\/div><\/div>\n","protected":false},"excerpt":{"rendered":"<p>deine N\u00e4gel sind in guten H\u00e4nden Sch\u00f6ne N\u00e4gel verdienen keine komplizierten Preise \u2013 bei uns sind die Preise transparent und fair gestaltet, damit du dich rundum wohlf\u00fchlen kannst. Lehne dich entspannt zur\u00fcck und genie\u00dfe deinen Moment bei uns, w\u00e4hrend wir daf\u00fcr sorgen, dass deine N\u00e4gel im besten Licht strahlen.<\/p>\n","protected":false},"author":1,"featured_media":0,"parent":0,"menu_order":0,"comment_status":"closed","ping_status":"closed","template":"","meta":{"footnotes":""},"class_list":["post-17","page","type-page","status-publish","hentry"],"_links":{"self":[{"href":"https:\/\/kglinka.com\/index.php\/wp-json\/wp\/v2\/pages\/17","targetHints":{"allow":["GET"]}}],"collection":[{"href":"https:\/\/kglinka.com\/index.php\/wp-json\/wp\/v2\/pages"}],"about":[{"href":"https:\/\/kglinka.com\/index.php\/wp-json\/wp\/v2\/types\/page"}],"author":[{"embeddable":true,"href":"https:\/\/kglinka.com\/index.php\/wp-json\/wp\/v2\/users\/1"}],"replies":[{"embeddable":true,"href":"https:\/\/kglinka.com\/index.php\/wp-json\/wp\/v2\/comments?post=17"}],"version-history":[{"count":3,"href":"https:\/\/kglinka.com\/index.php\/wp-json\/wp\/v2\/pages\/17\/revisions"}],"predecessor-version":[{"id":152,"href":"https:\/\/kglinka.com\/index.php\/wp-json\/wp\/v2\/pages\/17\/revisions\/152"}],"wp:attachment":[{"href":"https:\/\/kglinka.com\/index.php\/wp-json\/wp\/v2\/media?parent=17"}],"curies":[{"name":"wp","href":"https:\/\/api.w.org\/{rel}","templated":true}]}}